{"id":13020,"date":"2023-04-20T10:16:55","date_gmt":"2023-04-20T10:16:55","guid":{"rendered":"https:\/\/www.tach-hotel.es\/cookie-policy-eu\/"},"modified":"2023-04-20T10:16:56","modified_gmt":"2023-04-20T10:16:56","slug":"cookie-policy-eu","status":"publish","type":"page","link":"https:\/\/www.tach-hotel.es\/en\/cookie-policy-eu\/","title":{"rendered":"Cookie Policy (EU)"},"content":{"rendered":"\t\t<div data-elementor-type=\"wp-page\" data-elementor-id=\"13020\" class=\"elementor elementor-13020 elementor-12447\" data-elementor-post-type=\"page\">\n\t\t\t\t\t\t<section class=\"elementor-section elementor-top-section elementor-element elementor-element-721019e3 elementor-section-boxed elementor-section-height-default elementor-section-height-default\" data-id=\"721019e3\" data-element_type=\"section\" data-e-type=\"section\">\n\t\t\t\t\t\t<div class=\"elementor-container elementor-column-gap-default\">\n\t\t\t\t\t<div class=\"elementor-column elementor-col-100 elementor-top-column elementor-element elementor-element-7591fd05\" data-id=\"7591fd05\" data-element_type=\"column\" data-e-type=\"column\">\n\t\t\t<div class=\"elementor-widget-wrap elementor-element-populated\">\n\t\t\t\t\t\t<div class=\"elementor-element elementor-element-7b77217 elementor-widget elementor-widget-heading\" data-id=\"7b77217\" data-element_type=\"widget\" data-e-type=\"widget\" data-widget_type=\"heading.default\">\n\t\t\t\t<div class=\"elementor-widget-container\">\n\t\t\t\t\t<h1 class=\"elementor-heading-title elementor-size-default\">Cookie Policy<\/h1>\t\t\t\t<\/div>\n\t\t\t\t<\/div>\n\t\t\t\t<div class=\"elementor-element elementor-element-608c829f elementor-widget elementor-widget-shortcode\" data-id=\"608c829f\" data-element_type=\"widget\" data-e-type=\"widget\" data-widget_type=\"shortcode.default\">\n\t\t\t\t<div class=\"elementor-widget-container\">\n\t\t\t\t\t\t\t<div class=\"elementor-shortcode\">[cmplz-document type=\"cookie-statement\" region=\"eu\"]<\/div>\n\t\t\t\t\t\t<\/div>\n\t\t\t\t<\/div>\n\t\t\t\t\t<\/div>\n\t\t<\/div>\n\t\t\t\t\t<\/div>\n\t\t<\/section>\n\t\t\t\t<\/div>\n\t\t","protected":false},"excerpt":{"rendered":"<p>Cookie Policy [cmplz-document type=&#8221;cookie-statement&#8221; region=&#8221;eu&#8221;]<\/p>\n","protected":false},"author":1,"featured_media":0,"parent":0,"menu_order":0,"comment_status":"closed","ping_status":"closed","template":"","meta":{"footnotes":""},"class_list":["post-13020","page","type-page","status-publish","hentry"],"yoast_head":"<!-- This site is optimized with the Yoast SEO plugin v27.2 - https:\/\/yoast.com\/product\/yoast-seo-wordpress\/ -->\n<title>&#187; Cookie Policy (EU)<\/title>\n<meta name=\"description\" content=\"t\u00e4CH HOTEL &#187;\" \/>\n<meta name=\"robots\" content=\"index, follow, max-snippet:-1, max-image-preview:large, max-video-preview:-1\" \/>\n<link rel=\"canonical\" href=\"https:\/\/www.tach-hotel.es\/en\/cookie-policy-eu\/\" \/>\n<meta property=\"og:locale\" content=\"en_US\" \/>\n<meta property=\"og:type\" content=\"article\" \/>\n<meta property=\"og:title\" content=\"&#187; Cookie Policy (EU)\" \/>\n<meta property=\"og:description\" content=\"t\u00e4CH HOTEL &#187;\" \/>\n<meta property=\"og:url\" content=\"https:\/\/www.tach-hotel.es\/en\/cookie-policy-eu\/\" \/>\n<meta property=\"og:site_name\" content=\"t\u00e4CH HOTEL\" \/>\n<meta property=\"article:modified_time\" content=\"2023-04-20T10:16:56+00:00\" \/>\n<meta property=\"og:image\" content=\"https:\/\/www.tach-hotel.es\/wp-content\/uploads\/2020\/09\/Captura-de-pantalla-2023-03-09-a-las-9.48.00-e1678351895196.png\" \/>\n\t<meta property=\"og:image:width\" content=\"270\" \/>\n\t<meta property=\"og:image:height\" content=\"160\" \/>\n\t<meta property=\"og:image:type\" content=\"image\/png\" \/>\n<meta name=\"twitter:card\" content=\"summary_large_image\" \/>\n<script type=\"application\/ld+json\" class=\"yoast-schema-graph\">{\"@context\":\"https:\/\/schema.org\",\"@graph\":[{\"@type\":\"WebPage\",\"@id\":\"https:\/\/www.tach-hotel.es\/en\/cookie-policy-eu\/\",\"url\":\"https:\/\/www.tach-hotel.es\/en\/cookie-policy-eu\/\",\"name\":\"&#187; Cookie Policy (EU)\",\"isPartOf\":{\"@id\":\"https:\/\/www.tach-hotel.es\/#website\"},\"datePublished\":\"2023-04-20T10:16:55+00:00\",\"dateModified\":\"2023-04-20T10:16:56+00:00\",\"description\":\"t\u00e4CH HOTEL &#187;\",\"breadcrumb\":{\"@id\":\"https:\/\/www.tach-hotel.es\/en\/cookie-policy-eu\/#breadcrumb\"},\"inLanguage\":\"en-US\",\"potentialAction\":[{\"@type\":\"ReadAction\",\"target\":[\"https:\/\/www.tach-hotel.es\/en\/cookie-policy-eu\/\"]}]},{\"@type\":\"BreadcrumbList\",\"@id\":\"https:\/\/www.tach-hotel.es\/en\/cookie-policy-eu\/#breadcrumb\",\"itemListElement\":[{\"@type\":\"ListItem\",\"position\":1,\"name\":\"Portada\",\"item\":\"https:\/\/www.tach-hotel.es\/en\/\"},{\"@type\":\"ListItem\",\"position\":2,\"name\":\"Cookie Policy (EU)\"}]},{\"@type\":\"WebSite\",\"@id\":\"https:\/\/www.tach-hotel.es\/#website\",\"url\":\"https:\/\/www.tach-hotel.es\/\",\"name\":\"t\u00e4CH HOTEL\",\"description\":\"Hotel T\u00e4ch Barajas Madrid cuenta con una ubicaci\u00f3n inmejorable para reservar un hotel cerca del Aeropuerto de Madrid\",\"publisher\":{\"@id\":\"https:\/\/www.tach-hotel.es\/#organization\"},\"potentialAction\":[{\"@type\":\"SearchAction\",\"target\":{\"@type\":\"EntryPoint\",\"urlTemplate\":\"https:\/\/www.tach-hotel.es\/?s={search_term_string}\"},\"query-input\":{\"@type\":\"PropertyValueSpecification\",\"valueRequired\":true,\"valueName\":\"search_term_string\"}}],\"inLanguage\":\"en-US\"},{\"@type\":\"Organization\",\"@id\":\"https:\/\/www.tach-hotel.es\/#organization\",\"name\":\"Clement Barajas Hotel Aeropuerto\",\"url\":\"https:\/\/www.tach-hotel.es\/\",\"logo\":{\"@type\":\"ImageObject\",\"inLanguage\":\"en-US\",\"@id\":\"https:\/\/www.tach-hotel.es\/#\/schema\/logo\/image\/\",\"url\":\"https:\/\/www.tach-hotel.es\/wp-content\/uploads\/2023\/02\/logo-tach-vertical-positivo.jpg\",\"contentUrl\":\"https:\/\/www.tach-hotel.es\/wp-content\/uploads\/2023\/02\/logo-tach-vertical-positivo.jpg\",\"width\":850,\"height\":425,\"caption\":\"Clement Barajas Hotel Aeropuerto\"},\"image\":{\"@id\":\"https:\/\/www.tach-hotel.es\/#\/schema\/logo\/image\/\"}}]}<\/script>\n<!-- \/ Yoast SEO plugin. -->","yoast_head_json":{"title":"&#187; Cookie Policy (EU)","description":"t\u00e4CH HOTEL &#187;","robots":{"index":"index","follow":"follow","max-snippet":"max-snippet:-1","max-image-preview":"max-image-preview:large","max-video-preview":"max-video-preview:-1"},"canonical":"https:\/\/www.tach-hotel.es\/en\/cookie-policy-eu\/","og_locale":"en_US","og_type":"article","og_title":"&#187; Cookie Policy (EU)","og_description":"t\u00e4CH HOTEL &#187;","og_url":"https:\/\/www.tach-hotel.es\/en\/cookie-policy-eu\/","og_site_name":"t\u00e4CH HOTEL","article_modified_time":"2023-04-20T10:16:56+00:00","og_image":[{"width":270,"height":160,"url":"https:\/\/www.tach-hotel.es\/wp-content\/uploads\/2020\/09\/Captura-de-pantalla-2023-03-09-a-las-9.48.00-e1678351895196.png","type":"image\/png"}],"twitter_card":"summary_large_image","schema":{"@context":"https:\/\/schema.org","@graph":[{"@type":"WebPage","@id":"https:\/\/www.tach-hotel.es\/en\/cookie-policy-eu\/","url":"https:\/\/www.tach-hotel.es\/en\/cookie-policy-eu\/","name":"&#187; Cookie Policy (EU)","isPartOf":{"@id":"https:\/\/www.tach-hotel.es\/#website"},"datePublished":"2023-04-20T10:16:55+00:00","dateModified":"2023-04-20T10:16:56+00:00","description":"t\u00e4CH HOTEL &#187;","breadcrumb":{"@id":"https:\/\/www.tach-hotel.es\/en\/cookie-policy-eu\/#breadcrumb"},"inLanguage":"en-US","potentialAction":[{"@type":"ReadAction","target":["https:\/\/www.tach-hotel.es\/en\/cookie-policy-eu\/"]}]},{"@type":"BreadcrumbList","@id":"https:\/\/www.tach-hotel.es\/en\/cookie-policy-eu\/#breadcrumb","itemListElement":[{"@type":"ListItem","position":1,"name":"Portada","item":"https:\/\/www.tach-hotel.es\/en\/"},{"@type":"ListItem","position":2,"name":"Cookie Policy (EU)"}]},{"@type":"WebSite","@id":"https:\/\/www.tach-hotel.es\/#website","url":"https:\/\/www.tach-hotel.es\/","name":"t\u00e4CH HOTEL","description":"Hotel T\u00e4ch Barajas Madrid cuenta con una ubicaci\u00f3n inmejorable para reservar un hotel cerca del Aeropuerto de Madrid","publisher":{"@id":"https:\/\/www.tach-hotel.es\/#organization"},"potentialAction":[{"@type":"SearchAction","target":{"@type":"EntryPoint","urlTemplate":"https:\/\/www.tach-hotel.es\/?s={search_term_string}"},"query-input":{"@type":"PropertyValueSpecification","valueRequired":true,"valueName":"search_term_string"}}],"inLanguage":"en-US"},{"@type":"Organization","@id":"https:\/\/www.tach-hotel.es\/#organization","name":"Clement Barajas Hotel Aeropuerto","url":"https:\/\/www.tach-hotel.es\/","logo":{"@type":"ImageObject","inLanguage":"en-US","@id":"https:\/\/www.tach-hotel.es\/#\/schema\/logo\/image\/","url":"https:\/\/www.tach-hotel.es\/wp-content\/uploads\/2023\/02\/logo-tach-vertical-positivo.jpg","contentUrl":"https:\/\/www.tach-hotel.es\/wp-content\/uploads\/2023\/02\/logo-tach-vertical-positivo.jpg","width":850,"height":425,"caption":"Clement Barajas Hotel Aeropuerto"},"image":{"@id":"https:\/\/www.tach-hotel.es\/#\/schema\/logo\/image\/"}}]}},"_links":{"self":[{"href":"https:\/\/www.tach-hotel.es\/en\/wp-json\/wp\/v2\/pages\/13020","targetHints":{"allow":["GET"]}}],"collection":[{"href":"https:\/\/www.tach-hotel.es\/en\/wp-json\/wp\/v2\/pages"}],"about":[{"href":"https:\/\/www.tach-hotel.es\/en\/wp-json\/wp\/v2\/types\/page"}],"author":[{"embeddable":true,"href":"https:\/\/www.tach-hotel.es\/en\/wp-json\/wp\/v2\/users\/1"}],"replies":[{"embeddable":true,"href":"https:\/\/www.tach-hotel.es\/en\/wp-json\/wp\/v2\/comments?post=13020"}],"version-history":[{"count":1,"href":"https:\/\/www.tach-hotel.es\/en\/wp-json\/wp\/v2\/pages\/13020\/revisions"}],"predecessor-version":[{"id":13021,"href":"https:\/\/www.tach-hotel.es\/en\/wp-json\/wp\/v2\/pages\/13020\/revisions\/13021"}],"wp:attachment":[{"href":"https:\/\/www.tach-hotel.es\/en\/wp-json\/wp\/v2\/media?parent=13020"}],"curies":[{"name":"wp","href":"https:\/\/api.w.org\/{rel}","templated":true}]}}